{"id":5709,"date":"2022-04-11T14:01:33","date_gmt":"2022-04-11T12:01:33","guid":{"rendered":"https:\/\/norinast.ro\/shop\/?post_type=product&#038;p=5709"},"modified":"2026-04-06T10:39:17","modified_gmt":"2026-04-06T08:39:17","slug":"calypso-dress-black","status":"publish","type":"product","link":"https:\/\/norinast.ro\/shop\/shop\/luxury-clothing\/party-dresses\/calypso-dress-black\/","title":{"rendered":"CALYPSO Dress"},"content":{"rendered":"<p><strong>Highlights<\/strong><\/p>\n<ul>\n<li>short lenght<\/li>\n<li>rear zip fastening<\/li>\n<li>draping detailing<\/li>\n<li>belt waist<\/li>\n<\/ul>\n<p>&nbsp;<\/p>\n<p><strong>Composition &amp; Care<\/strong><\/p>\n<ul>\n<li><em>Composition<\/em><\/li>\n<\/ul>\n<p>Fabric 1: Silk Chiffon 100%<\/p>\n<p>Lining: Silk Chiffon 100%<\/p>\n<ul>\n<li><em>Washing Instructions<\/em><\/li>\n<\/ul>\n<p>Dry Clean Only<\/p>\n<p><strong>Delivery time\u00a0<\/strong><\/p>\n<p>The product is made exclusively by pre-order, and the production time is discussed via phone call or message after the order is placed.<\/p>\n<p>Produsul se realizeaza exclusiv pe baza de precomanda, iar termenul de realizare se stabileste telefonic sau prin mesaj, dupa plasarea comenzii.<\/p>\n<p>&nbsp;<\/p>\n<p><span style=\"font-weight: 300\">Op\u021biuni de personalizare pentru produsele la comand\u0103:<\/span><\/p>\n<p><b><\/b><\/p>\n<ul>\n<li><b>CORE FASHION<\/b><span style=\"font-weight: 300\"> \u00a0 \u00a0 \u00a0 \u00a0 &#8211; Pre\u021bul listat \u00een showroom \u0219i online<\/span><\/li>\n<\/ul>\n<p><b><\/b><br \/>\n<b><\/b><\/p>\n<ul>\n<li><b>PREMIUM FASHION<\/b><span style=\"font-weight: 300\"> &#8211; Pre\u021bul listat + (200-500 RON)<\/span><\/li>\n<\/ul>\n<p><span style=\"font-weight: 300\">\u00a0\u00a0\u00a0\u00a0\u00a0\u00a0\u00a0\u00a0\u00a0\u00a0\u00a0\u00a0\u00a0\u00a0\u00a0\u00a0\u00a0\u00a0\u00a0\u00a0\u00a0\u00a0\u00a0\u00a0\u00a0\u00a0\u00a0\u00a0\u00a0\u00a0\u00a0\u00a0\u00a0\u00a0\u00a0\u00a0\u00a0\u00a0\u00a0\u00a0\u00a0\u00a0\u00a0\u00a0\u00a0\u00a0\u00a0\u00a0\u00a0\u00a0\u00a0\u00a0&#8211; lungimi diferite la cererea clientului, o prob\u0103 inclus\u0103 cu ajust\u0103rile de rigoare, made-by-measures (modificare dup\u0103 dimensiuni) pentru produsul standard expus la raft sau comandat online<\/span><\/p>\n<p><b><\/b><\/p>\n<ul>\n<li><b>LUXURY FASHION<\/b><span style=\"font-weight: 300\"> \u00a0 \u00a0 &#8211; Pre\u021bul listat + (500-1000 RON)<\/span><\/li>\n<\/ul>\n<p><span style=\"font-weight: 300\">\u00a0\u00a0\u00a0\u00a0\u00a0\u00a0\u00a0\u00a0\u00a0\u00a0\u00a0\u00a0\u00a0\u00a0\u00a0\u00a0\u00a0\u00a0\u00a0\u00a0\u00a0\u00a0\u00a0\u00a0\u00a0\u00a0\u00a0\u00a0\u00a0\u00a0\u00a0\u00a0\u00a0\u00a0\u00a0\u00a0\u00a0\u00a0\u00a0\u00a0&#8211; personalizare complet\u0103 \u00een func\u021bie de dimensiunile clientului, lungimi, material, culoare diferit\u0103 + alte sugestii \u00een plus, adaosuri la modelul de baz\u0103, toate acestea doar la recomandarea \u0219i acordul designerului<\/span><\/p>\n<p><span style=\"font-weight: 300\">\u00a0\u00a0\u00a0\u00a0\u00a0\u00a0\u00a0\u00a0\u00a0\u00a0\u00a0\u00a0\u00a0\u00a0\u00a0\u00a0\u00a0\u00a0\u00a0\u00a0\u00a0\u00a0\u00a0\u00a0\u00a0\u00a0\u00a0\u00a0\u00a0\u00a0\u00a0\u00a0\u00a0\u00a0\u00a0\u00a0\u00a0\u00a0\u00a0\u00a0&#8211; probe incluse, discu\u021bii preliminare \u0219i ulterioare de specialitate\u00a0<\/span><\/p>\n<p><b><\/b><\/p>\n<ul>\n<li><b>HIGH FASHION\u00a0<\/b><\/li>\n<\/ul>\n<p><b>\u00a0COUTURE<\/b><span style=\"font-weight: 300\">\u00a0\u00a0\u00a0\u00a0\u00a0\u00a0\u00a0\u00a0\u00a0\u00a0<\/span><\/p>\n<p><span style=\"font-weight: 300\">\u00a0\u00a0\u00a0\u00a0\u00a0\u00a0\u00a0\u00a0\u00a0\u00a0\u00a0\u00a0\u00a0\u00a0\u00a0\u00a0\u00a0\u00a0\u00a0\u00a0\u00a0\u00a0\u00a0\u00a0\u00a0\u00a0\u00a0\u00a0\u00a0\u00a0\u00a0\u00a0\u00a0\u00a0\u00a0\u00a0\u00a0\u00a0\u00a0\u00a0&#8211; Pre\u021bul listat + (1000-2000 RON)<\/span><\/p>\n<p><span style=\"font-weight: 300\">\u00a0\u00a0\u00a0\u00a0\u00a0\u00a0\u00a0\u00a0\u00a0\u00a0\u00a0\u00a0\u00a0\u00a0\u00a0\u00a0\u00a0\u00a0\u00a0\u00a0\u00a0\u00a0\u00a0\u00a0\u00a0\u00a0\u00a0\u00a0\u00a0\u00a0\u00a0\u00a0\u00a0\u00a0\u00a0\u00a0\u00a0\u00a0\u00a0\u00a0&#8211; serie limitat\u0103, doar la comand\u0103 realizat\u0103 de modelieri cu experien\u021b\u0103 \u00eentr-un num\u0103r foarte limitat de buc\u0103\u021bi sau individual folosind tehnici sub semn\u0103tura NorinaST\u00a0<\/span><\/p>\n<p><span style=\"font-weight: 300\">\u00a0\u00a0\u00a0\u00a0\u00a0\u00a0\u00a0\u00a0\u00a0\u00a0\u00a0\u00a0\u00a0\u00a0\u00a0\u00a0\u00a0\u00a0\u00a0\u00a0\u00a0\u00a0\u00a0\u00a0\u00a0\u00a0\u00a0\u00a0\u00a0\u00a0\u00a0\u00a0\u00a0\u00a0\u00a0\u00a0\u00a0\u00a0\u00a0\u00a0&#8211; Couture Service \/ Made to Order<\/span><\/p>\n<p>&nbsp;<\/p>\n<table border=\"0\" cellspacing=\"0\">\n<colgroup span=\"4\" width=\"85\"><\/colgroup>\n<tbody>\n<tr>\n<td align=\"center\" height=\"17\"><\/td>\n<td align=\"center\">S<\/td>\n<td align=\"center\">M<\/td>\n<td align=\"center\">L<\/td>\n<\/tr>\n<tr>\n<td align=\"center\" height=\"17\">IT<\/td>\n<td align=\"center\">40<\/td>\n<td align=\"center\">42<\/td>\n<td align=\"center\">44<\/td>\n<\/tr>\n<tr>\n<td align=\"center\" height=\"17\">FR<\/td>\n<td align=\"center\">36<\/td>\n<td align=\"center\">38<\/td>\n<td align=\"center\">40<\/td>\n<\/tr>\n<tr>\n<td align=\"center\" height=\"17\">UK<\/td>\n<td align=\"center\">6<\/td>\n<td align=\"center\">8<\/td>\n<td align=\"center\">10<\/td>\n<\/tr>\n<\/tbody>\n<\/table>\n<p>&nbsp;<\/p>\n<table border=\"0\" cellspacing=\"0\">\n<colgroup span=\"4\" width=\"85\"><\/colgroup>\n<tbody>\n<tr>\n<td align=\"center\" height=\"17\"><\/td>\n<td align=\"center\">FR 36\/S<\/td>\n<td align=\"center\">FR 38\/M<\/td>\n<td align=\"center\">FR 40\/L<\/td>\n<\/tr>\n<tr>\n<td align=\"center\" height=\"17\">BUST<\/td>\n<td align=\"center\">84\/86<\/td>\n<td align=\"center\">88\/90<\/td>\n<td align=\"center\">92\/94<\/td>\n<\/tr>\n<tr>\n<td align=\"center\" height=\"17\">WAIST<\/td>\n<td align=\"center\">64\/66<\/td>\n<td align=\"center\">68\/70<\/td>\n<td align=\"center\">72\/74<\/td>\n<\/tr>\n<tr>\n<td align=\"center\" height=\"17\">HIPS<\/td>\n<td align=\"center\">90\/92<\/td>\n<td align=\"center\">94\/96<\/td>\n<td align=\"center\">98\/100<\/td>\n<\/tr>\n<\/tbody>\n<\/table>\n<p>&nbsp;<\/p>\n<table border=\"0\" cellspacing=\"0\">\n<colgroup span=\"4\" width=\"85\"><\/colgroup>\n<tbody>\n<tr>\n<td rowspan=\"2\" align=\"center\" valign=\"middle\" height=\"50\">LENGHT from WAIST<\/td>\n<td align=\"center\" valign=\"middle\">SHORT<\/td>\n<td align=\"center\" valign=\"middle\">MIDI<\/td>\n<td align=\"center\" valign=\"middle\">LONG front back<\/td>\n<\/tr>\n<tr>\n<td align=\"center\" valign=\"middle\">40\/45<\/td>\n<td align=\"center\" valign=\"middle\">85\/90<\/td>\n<td align=\"center\" valign=\"middle\">110\u2192145<\/td>\n<\/tr>\n<\/tbody>\n<\/table>\n<p>&nbsp;<\/p>\n<p>*all the measurements are in centimeters.<\/p>\n","protected":false},"excerpt":{"rendered":"<p>Highlights short lenght rear zip fastening draping detailing belt waist &nbsp; Composition &amp; Care Composition Fabric 1: Silk Chiffon 100% Lining: Silk Chiffon 100% Washing Instructions<span class=\"excerpt-hellip\"> [\u2026]<\/span><\/p>\n","protected":false},"featured_media":5710,"comment_status":"closed","ping_status":"closed","template":"","meta":[],"product_cat":[22,23,26],"product_tag":[],"class_list":{"0":"post-5709","1":"product","2":"type-product","3":"status-publish","4":"has-post-thumbnail","6":"product_cat-whats-new","7":"product_cat-luxury-clothing","8":"product_cat-party-dresses","10":"first","11":"instock","12":"taxable","13":"shipping-taxable","14":"purchasable","15":"product-type-variable"},"yoast_head":"<!-- This site is optimized with the Yoast SEO plugin v26.8 - https:\/\/yoast.com\/product\/yoast-seo-wordpress\/ -->\n<title>CALYPSO Dress - NorinaSt Shop<\/title>\n<meta name=\"robots\" content=\"index, follow, max-snippet:-1, max-image-preview:large, max-video-preview:-1\" \/>\n<link rel=\"canonical\" href=\"https:\/\/norinast.ro\/shop\/shop\/luxury-clothing\/party-dresses\/calypso-dress-black\/\" \/>\n<meta property=\"og:locale\" content=\"en_US\" \/>\n<meta property=\"og:type\" content=\"article\" \/>\n<meta property=\"og:title\" content=\"CALYPSO Dress - NorinaSt Shop\" \/>\n<meta property=\"og:description\" content=\"Highlights short lenght rear zip fastening draping detailing belt waist &nbsp; Composition &amp; Care Composition Fabric 1: Silk Chiffon 100% Lining: Silk Chiffon 100% Washing Instructions [\u2026]\" \/>\n<meta property=\"og:url\" content=\"https:\/\/norinast.ro\/shop\/shop\/luxury-clothing\/party-dresses\/calypso-dress-black\/\" \/>\n<meta property=\"og:site_name\" content=\"NorinaSt Shop\" \/>\n<meta property=\"article:modified_time\" content=\"2026-04-06T08:39:17+00:00\" \/>\n<meta property=\"og:image\" content=\"https:\/\/norinast.ro\/shop\/wp-content\/uploads\/2022\/04\/IMG_7483-scaled.jpg\" \/>\n\t<meta property=\"og:image:width\" content=\"1707\" \/>\n\t<meta property=\"og:image:height\" content=\"2560\" \/>\n\t<meta property=\"og:image:type\" content=\"image\/jpeg\" \/>\n<meta name=\"twitter:label1\" content=\"Est. reading time\" \/>\n\t<meta name=\"twitter:data1\" content=\"1 minute\" \/>\n<script type=\"application\/ld+json\" class=\"yoast-schema-graph\">{\"@context\":\"https:\/\/schema.org\",\"@graph\":[{\"@type\":\"WebPage\",\"@id\":\"https:\/\/norinast.ro\/shop\/shop\/luxury-clothing\/party-dresses\/calypso-dress-black\/\",\"url\":\"https:\/\/norinast.ro\/shop\/shop\/luxury-clothing\/party-dresses\/calypso-dress-black\/\",\"name\":\"CALYPSO Dress - NorinaSt Shop\",\"isPartOf\":{\"@id\":\"https:\/\/norinast.ro\/shop\/#website\"},\"primaryImageOfPage\":{\"@id\":\"https:\/\/norinast.ro\/shop\/shop\/luxury-clothing\/party-dresses\/calypso-dress-black\/#primaryimage\"},\"image\":{\"@id\":\"https:\/\/norinast.ro\/shop\/shop\/luxury-clothing\/party-dresses\/calypso-dress-black\/#primaryimage\"},\"thumbnailUrl\":\"https:\/\/norinast.ro\/shop\/wp-content\/uploads\/2022\/04\/IMG_7483-scaled.jpg\",\"datePublished\":\"2022-04-11T12:01:33+00:00\",\"dateModified\":\"2026-04-06T08:39:17+00:00\",\"breadcrumb\":{\"@id\":\"https:\/\/norinast.ro\/shop\/shop\/luxury-clothing\/party-dresses\/calypso-dress-black\/#breadcrumb\"},\"inLanguage\":\"en-US\",\"potentialAction\":[{\"@type\":\"ReadAction\",\"target\":[\"https:\/\/norinast.ro\/shop\/shop\/luxury-clothing\/party-dresses\/calypso-dress-black\/\"]}]},{\"@type\":\"ImageObject\",\"inLanguage\":\"en-US\",\"@id\":\"https:\/\/norinast.ro\/shop\/shop\/luxury-clothing\/party-dresses\/calypso-dress-black\/#primaryimage\",\"url\":\"https:\/\/norinast.ro\/shop\/wp-content\/uploads\/2022\/04\/IMG_7483-scaled.jpg\",\"contentUrl\":\"https:\/\/norinast.ro\/shop\/wp-content\/uploads\/2022\/04\/IMG_7483-scaled.jpg\",\"width\":1707,\"height\":2560},{\"@type\":\"BreadcrumbList\",\"@id\":\"https:\/\/norinast.ro\/shop\/shop\/luxury-clothing\/party-dresses\/calypso-dress-black\/#breadcrumb\",\"itemListElement\":[{\"@type\":\"ListItem\",\"position\":1,\"name\":\"Shop\",\"item\":\"https:\/\/norinast.ro\/shop\/shop\/\"},{\"@type\":\"ListItem\",\"position\":2,\"name\":\"CALYPSO Dress\"}]},{\"@type\":\"WebSite\",\"@id\":\"https:\/\/norinast.ro\/shop\/#website\",\"url\":\"https:\/\/norinast.ro\/shop\/\",\"name\":\"NorinaSt Shop\",\"description\":\"\",\"potentialAction\":[{\"@type\":\"SearchAction\",\"target\":{\"@type\":\"EntryPoint\",\"urlTemplate\":\"https:\/\/norinast.ro\/shop\/?s={search_term_string}\"},\"query-input\":{\"@type\":\"PropertyValueSpecification\",\"valueRequired\":true,\"valueName\":\"search_term_string\"}}],\"inLanguage\":\"en-US\"}]}<\/script>\n<!-- \/ Yoast SEO plugin. -->","yoast_head_json":{"title":"CALYPSO Dress - NorinaSt Shop","robots":{"index":"index","follow":"follow","max-snippet":"max-snippet:-1","max-image-preview":"max-image-preview:large","max-video-preview":"max-video-preview:-1"},"canonical":"https:\/\/norinast.ro\/shop\/shop\/luxury-clothing\/party-dresses\/calypso-dress-black\/","og_locale":"en_US","og_type":"article","og_title":"CALYPSO Dress - NorinaSt Shop","og_description":"Highlights short lenght rear zip fastening draping detailing belt waist &nbsp; Composition &amp; Care Composition Fabric 1: Silk Chiffon 100% Lining: Silk Chiffon 100% Washing Instructions [\u2026]","og_url":"https:\/\/norinast.ro\/shop\/shop\/luxury-clothing\/party-dresses\/calypso-dress-black\/","og_site_name":"NorinaSt Shop","article_modified_time":"2026-04-06T08:39:17+00:00","og_image":[{"width":1707,"height":2560,"url":"https:\/\/norinast.ro\/shop\/wp-content\/uploads\/2022\/04\/IMG_7483-scaled.jpg","type":"image\/jpeg"}],"twitter_misc":{"Est. reading time":"1 minute"},"schema":{"@context":"https:\/\/schema.org","@graph":[{"@type":"WebPage","@id":"https:\/\/norinast.ro\/shop\/shop\/luxury-clothing\/party-dresses\/calypso-dress-black\/","url":"https:\/\/norinast.ro\/shop\/shop\/luxury-clothing\/party-dresses\/calypso-dress-black\/","name":"CALYPSO Dress - NorinaSt Shop","isPartOf":{"@id":"https:\/\/norinast.ro\/shop\/#website"},"primaryImageOfPage":{"@id":"https:\/\/norinast.ro\/shop\/shop\/luxury-clothing\/party-dresses\/calypso-dress-black\/#primaryimage"},"image":{"@id":"https:\/\/norinast.ro\/shop\/shop\/luxury-clothing\/party-dresses\/calypso-dress-black\/#primaryimage"},"thumbnailUrl":"https:\/\/norinast.ro\/shop\/wp-content\/uploads\/2022\/04\/IMG_7483-scaled.jpg","datePublished":"2022-04-11T12:01:33+00:00","dateModified":"2026-04-06T08:39:17+00:00","breadcrumb":{"@id":"https:\/\/norinast.ro\/shop\/shop\/luxury-clothing\/party-dresses\/calypso-dress-black\/#breadcrumb"},"inLanguage":"en-US","potentialAction":[{"@type":"ReadAction","target":["https:\/\/norinast.ro\/shop\/shop\/luxury-clothing\/party-dresses\/calypso-dress-black\/"]}]},{"@type":"ImageObject","inLanguage":"en-US","@id":"https:\/\/norinast.ro\/shop\/shop\/luxury-clothing\/party-dresses\/calypso-dress-black\/#primaryimage","url":"https:\/\/norinast.ro\/shop\/wp-content\/uploads\/2022\/04\/IMG_7483-scaled.jpg","contentUrl":"https:\/\/norinast.ro\/shop\/wp-content\/uploads\/2022\/04\/IMG_7483-scaled.jpg","width":1707,"height":2560},{"@type":"BreadcrumbList","@id":"https:\/\/norinast.ro\/shop\/shop\/luxury-clothing\/party-dresses\/calypso-dress-black\/#breadcrumb","itemListElement":[{"@type":"ListItem","position":1,"name":"Shop","item":"https:\/\/norinast.ro\/shop\/shop\/"},{"@type":"ListItem","position":2,"name":"CALYPSO Dress"}]},{"@type":"WebSite","@id":"https:\/\/norinast.ro\/shop\/#website","url":"https:\/\/norinast.ro\/shop\/","name":"NorinaSt Shop","description":"","potentialAction":[{"@type":"SearchAction","target":{"@type":"EntryPoint","urlTemplate":"https:\/\/norinast.ro\/shop\/?s={search_term_string}"},"query-input":{"@type":"PropertyValueSpecification","valueRequired":true,"valueName":"search_term_string"}}],"inLanguage":"en-US"}]}},"_links":{"self":[{"href":"https:\/\/norinast.ro\/shop\/wp-json\/wp\/v2\/product\/5709","targetHints":{"allow":["GET"]}}],"collection":[{"href":"https:\/\/norinast.ro\/shop\/wp-json\/wp\/v2\/product"}],"about":[{"href":"https:\/\/norinast.ro\/shop\/wp-json\/wp\/v2\/types\/product"}],"replies":[{"embeddable":true,"href":"https:\/\/norinast.ro\/shop\/wp-json\/wp\/v2\/comments?post=5709"}],"wp:featuredmedia":[{"embeddable":true,"href":"https:\/\/norinast.ro\/shop\/wp-json\/wp\/v2\/media\/5710"}],"wp:attachment":[{"href":"https:\/\/norinast.ro\/shop\/wp-json\/wp\/v2\/media?parent=5709"}],"wp:term":[{"taxonomy":"product_cat","embeddable":true,"href":"https:\/\/norinast.ro\/shop\/wp-json\/wp\/v2\/product_cat?post=5709"},{"taxonomy":"product_tag","embeddable":true,"href":"https:\/\/norinast.ro\/shop\/wp-json\/wp\/v2\/product_tag?post=5709"}],"curies":[{"name":"wp","href":"https:\/\/api.w.org\/{rel}","templated":true}]}}